{"id":530,"date":"2023-03-07T13:31:24","date_gmt":"2023-03-07T13:31:24","guid":{"rendered":"https:\/\/lise-bernard.com\/?page_id=530"},"modified":"2023-03-07T13:31:51","modified_gmt":"2023-03-07T13:31:51","slug":"accesibilidad","status":"publish","type":"page","link":"https:\/\/lise-bernard.com\/es\/accesibilidad\/","title":{"rendered":"ACCESIBILIDAD WEB"},"content":{"rendered":"<h1>DECLARACI\u00d3N DE ACCESIBILIDAD<\/h1>\n<h2>SECCI\u00d3N 1<\/h2>\n<p><i>LISE BERNARD <\/i>se ha comprometido a hacer accesible su sitio web https:\/\/lise-bernard.com\/, de conformidad con <i>el <\/i><a href=\"https:\/\/www.boe.es\/buscar\/act.php?id=BOE-A-2018-12699\"><i>Real Decreto 11\/12\/2018, de 7 de septiembre<\/i><\/a> (en adelante, Real Decreto 1112\/2018, de 7 de septiembre) por la que se traspone la Directiva (UE) 2016\/2102 del Parlamento Europeo y del Consejo <a href=\"https:\/\/eur-lex.europa.eu\/legal-content\/ES\/TXT\/HTML\/?uri=CELEX:32018D1523&amp;from=ES#ntr1-L_2018256ES.01010501-E0001\">(1)<\/a>].<\/p>\n<p>La presente declaraci\u00f3n de accesibilidad se aplica a la p\u00e1gina web <a href=\"https:\/\/lise-bernard.com\/\">https:\/\/lise-bernard.com\/<\/a><\/p>\n<p>&nbsp;<\/p>\n<p><b>Situaci\u00f3n de cumplimiento<\/b><\/p>\n<p><b>Este sitio web es parcialmente conforme con el Real Decreto 1112\/2018, de 7 de septiembre, debido a la falta de conformidad de los aspectos que se indican a continuaci\u00f3n.<\/b><\/p>\n<p><b>Contenido no accesible\u00a0<\/b><\/p>\n<p>El contenido que se recoge a continuaci\u00f3n no es accesible por lo siguiente:<\/p>\n<table>\n<tbody>\n<tr>\n<td>1)<\/td>\n<td><b>Falta de conformidad con el Real Decreto 11\/12\/2018, de 7 de septiembre<\/b>:<\/p>\n<p>Podr\u00edan existir fallos puntuales de bajo contraste que no obstante se solventan con la <b>herramienta de accesibilidad <\/b><a href=\"https:\/\/make.wordpress.org\/accessibility\/handbook\/which-tools-can-i-use\/wp-accessibility-plugin\/\"><b><i>WP Accessibility <\/i><\/b><\/a><b>disponible en todas las p\u00e1ginas del site permitiendo alternar a alto contraste y tama\u00f1o de la letra X5 tanto en dispositivos web como m\u00f3viles<\/b>.<\/p>\n<p>Algunos de los enlaces pueden no tener un nombre discernible, no obstante a trav\u00e9s de la tabulaci\u00f3n se obtendr\u00e1 una indicaci\u00f3n previa del destino del enlace.<\/td>\n<\/tr>\n<\/tbody>\n<\/table>\n<p>&nbsp;<\/p>\n<table>\n<tbody>\n<tr>\n<td>2 )<\/td>\n<td><b>Carga desproporcionada<\/b><\/p>\n<p>No aplica<\/td>\n<\/tr>\n<\/tbody>\n<\/table>\n<p>&nbsp;<\/p>\n<table>\n<tbody>\n<tr>\n<td>3)<\/td>\n<td><b>El contenido no entra dentro del \u00e1mbito de la legislaci\u00f3n aplicable<\/b><\/p>\n<p>Actualmente el cliente maneja su herramienta web por lo que es posible que se produzcan cambios webs posteriores a Diciembre del 2022 que no cumplan los requisitos de accesibilidad. No obstante los desarrolladores nos comprometemos a mantener la vigilancia sobre el contenido web durante el periodo de vigencia contractual de un a\u00f1o.<\/td>\n<\/tr>\n<\/tbody>\n<\/table>\n<p>&nbsp;<\/p>\n<p><b>Preparaci\u00f3n de la presente declaraci\u00f3n de accesibilidad<\/b><\/p>\n<p>La presente declaraci\u00f3n fue preparada el <i>1 MARZO del 2023<\/i> .<\/p>\n<p>El m\u00e9todo empleado para preparar la declaraci\u00f3n ha sido una autoevaluaci\u00f3n llevada a cabo por el propio organismo<i> (MARABELIA COOP.V)<\/i>\u00a0 a trav\u00e9s de las herramientas <i>Lighthouse, Webaim.org y WAVE (Web Accessibility Evaluation Tools).\u00a0<\/i><\/p>\n<p>Se ha realizado un testeo de accebilidad de la navegabilidad web a trav\u00e9s de la herramienta integrada en Chrome Versi\u00f3n 110.0.5481.177 (Build oficial) (x86_64)\u00a0 <i>Chromevox <\/i><a href=\"https:\/\/chrome.google.com\/webstore\/detail\/screen-reader\/kgejglhpjiefppelpmljglcjbhoiplfn?hl=es\"><i>Screen Reader<\/i><\/a> Versi\u00f3n 53.0.2784.13.<\/p>\n<p>El informe de resultados se adjunta en el anexo 1 de la presente declaraci\u00f3n.<\/p>\n<p>&nbsp;<\/p>\n<p><b>Observaciones y datos de contacto<\/b><\/p>\n<p>Puede realizar comunicaciones sobre requisitos de accesibilidad (art\u00edculo 10.2.a) del Real Decreto 1112\/2018, de 7 de septiembre) como por ejemplo:<\/p>\n<ul>\n<li aria-level=\"1\">Informar sobre cualquier posible incumplimiento por parte de este sitio web.<\/li>\n<li aria-level=\"1\">\u00a0Transmitir otras dificultades de acceso al contenido.<\/li>\n<li aria-level=\"1\">Formular cualquier otra consulta o sugerencia de mejora relativa a la accesibilidad del sitio web.<\/li>\n<\/ul>\n<p>Tambi\u00e9n puede solicitar en formato accesible informaci\u00f3n que no cumpla con los requisitos de accesibilidad bien por estar excluida, bien por estar exenta por carga desproporcionada; o formular una queja por incumplimiento de los requisitos de accesibilidad.<\/p>\n<p>A trav\u00e9s de las siguientes v\u00edas:<\/p>\n<p>Correo electr\u00f3nico: <a href=\"mailto:hola@marabelia.com\">hola@marabelia.com<\/a><\/p>\n<p>Tel\u00e9fonos: 655 28 25 86 \u2013 605 46 29 05<\/p>\n<p>Las comunicaciones ser\u00e1n atendidas y tratadas con total confidencialidad por MARABELIA COOP.V, como unidad responsable de los contenidos de este sitio web.<\/p>\n<p>&nbsp;<\/p>\n<p><b>Procedimiento de aplicaci\u00f3n<\/b><\/p>\n<p>A trav\u00e9s de este procedimiento podr\u00e1 iniciar una reclamaci\u00f3n para conocer y oponerse a los motivos de la desestimaci\u00f3n de una solicitud de informaci\u00f3n accesible o queja, instar la adopci\u00f3n de las medidas oportunas en el caso de no estar de acuerdo con la decisi\u00f3n adoptada, o exponer las razones por las que se considera que la respuesta no cumple con los requisitos exigidos.<\/p>\n<p>&nbsp;<\/p>\n<h2>SECCI\u00d3N 2<\/h2>\n<p>La presente declaraci\u00f3n de accesibilidad se encuentra accesible al p\u00fablico a trav\u00e9s del enlace \u201caccesibilidad\u201d en la secci\u00f3n \u201cfooter\u201d de todas las p\u00e1ginas del site\u00a0 <a href=\"https:\/\/lise-bernard.com\/\"><i>https:\/\/lise-bernard.com\/<\/i><\/a> y es directamente accesible a trav\u00e9s del enlace <i>https:\/\/lise-bernard.com\/accesibilidad.<\/i><\/p>\n<p>La versi\u00f3n actualmente visible de este sitio web es de Diciembre del 2022 y en esa fecha se hizo la revisi\u00f3n del nivel de accesibilidad vigente.<\/p>\n<p>A partir de dicha fecha se llevar\u00e1n a cabo revisiones parciales diarias del contenido web nuevo o modificado, tanto de las plantillas como de las p\u00e1ginas y documentos finales publicados, a fin de asegurar el cumplimiento de los requerimientos de accesibilidad de la Norma UNE-EN 301549:2019, considerando las excepciones del Real Decreto 1112\/2018, de 7 de septiembre.<\/p>\n<p>Entre otras se adoptan las siguientes medidas para facilitar la accesibilidad:<\/p>\n<ul>\n<li aria-level=\"1\">Utilizaci\u00f3n de texto alternativo en las im\u00e1genes<\/li>\n<li aria-level=\"1\">Los enlaces ofrecen detalles de la funci\u00f3n o destino del hiperv\u00ednculo<\/li>\n<li aria-level=\"1\">Uso de los est\u00e1ndares del W3C: XHTML 1.0, CSS 3.0, WAI AA.<\/li>\n<li aria-level=\"1\">Herramientas de accesibilidad integradas como <i>WP Accessibility <\/i>para la mejora de la navegaci\u00f3n.<\/li>\n<\/ul>\n<p>&nbsp;<\/p>\n<p><b>Legilaci\u00f3n aplicable<\/b><\/p>\n<p><a href=\"https:\/\/eur-lex.europa.eu\/legal-content\/ES\/TXT\/HTML\/?uri=CELEX:32018D1523&amp;from=ES#ntc1-L_2018256ES.01010501-E0001\">(1)<\/a>\u00a0 Directiva (UE) 2016\/2102 del Parlamento Europeo y del Consejo, de 26 de octubre de 2016, sobre la accesibilidad de los sitios web y aplicaciones para dispositivos m\u00f3viles de los organismos del sector p\u00fablico (<a href=\"https:\/\/eur-lex.europa.eu\/legal-content\/ES\/AUTO\/?uri=OJ:L:2016:327:TOC\">DO L 327 de 2.12.2016, p. 1<\/a>).<\/p>\n<p>(2) Decisi\u00f3n de Ejecuci\u00f3n (UE) 2018\/1523 de la Comisi\u00f3n, de 11 de octubre de 2018, por la que se establece un modelo de declaraci\u00f3n de accesibilidad de conformidad con la Directiva (UE) 2016\/2102 del Parlamento Europeo y del Consejo sobre la accesibilidad de los sitios web y aplicaciones para dispositivos m\u00f3viles de los organismos del sector p\u00fablico (<a href=\"https:\/\/eur-lex.europa.eu\/legal-content\/ES\/AUTO\/?uri=OJ:L:2018:256:TOC\">DO L 256 de 12.10.2018, p. 103<\/a>).<\/p>\n<p>&nbsp;<\/p>\n<h2>ANEXO 1<\/h2>\n<p>V\u00eda <i>Accesibility Lighthouse Tool en Chrome <\/i>\u00a0Versi\u00f3n 110.0.5481.177<\/p>\n<p>&nbsp;<\/p>\n<p><b>Falta de conformidad\u00a0<\/b><\/p>\n<p><b>AIRE<\/b><\/p>\n[aria-hidden=\u00bbtrue\u00bb]los elementos contienen descendientes enfocables<\/p>\n<p>Estas son oportunidades para mejorar el uso de ARIA en su aplicaci\u00f3n, lo que puede mejorar la experiencia de los usuarios de tecnolog\u00eda de asistencia, como un lector de pantalla.*<\/p>\n<p><i>*Los fallos puntuales de bajo contraste que no obstante se solventan con la <\/i><b><i>herramienta de accesibilidad <\/i><\/b><a href=\"https:\/\/make.wordpress.org\/accessibility\/handbook\/which-tools-can-i-use\/wp-accessibility-plugin\/\"><b><i>WP Accessibility <\/i><\/b><\/a><b><i>disponible en todas las p\u00e1ginas del site permitiendo alternar a alto contraste y tama\u00f1o de la letra X5 tanto en dispositivos web como m\u00f3viles<\/i><\/b><i>.<\/i><\/p>\n<p>&nbsp;<\/p>\n<p><b>Elementos adicionales (verificaci\u00f3n manual)<\/b><\/p>\n<p>La p\u00e1gina tiene un orden de tabulaci\u00f3n l\u00f3gico.<\/p>\n<p>Los controles interactivos son enfocables desde el teclado<\/p>\n<p>Los elementos interactivos indican su prop\u00f3sito y estado<\/p>\n<p>El enfoque del usuario se dirige al nuevo contenido agregado a la p\u00e1gina.<\/p>\n<p>El foco del usuario no queda atrapado accidentalmente en una regi\u00f3n<\/p>\n<p>Los controles personalizados tienen etiquetas asociadas<\/p>\n<p>Los controles personalizados tienen roles ARIA<\/p>\n<p>El orden visual en la p\u00e1gina sigue el orden DOM<\/p>\n<p>El contenido fuera de pantalla est\u00e1 oculto a la tecnolog\u00eda de asistencia<\/p>\n<p>Los elementos destacados de HTML5 se utilizan para mejorar la navegaci\u00f3n<\/p>\n<p>&nbsp;<\/p>\n<p><b>Auditor\u00edas aprobadas (24)\u00a0<\/b><\/p>\n[aria-*]los atributos coinciden con sus roles<\/p>\n[aria-hidden=\u00bbtrue\u00bb]no est\u00e1 presente en el documento &lt;body&gt;<\/p>\n[role]tengo todo lo necesario [aria-*]atributos<\/p>\n<p>Elementos con ARIA [role]que requieren que los ni\u00f1os contengan un contenido espec\u00edfico [role]tener todos los hijos requeridos.<\/p>\n[role]s est\u00e1n contenidos por su elemento padre requerido<\/p>\n[role]los valores son validos<\/p>\n[aria-*]los atributos tienen valores v\u00e1lidos<\/p>\n[aria-*]los atributos son v\u00e1lidos y no est\u00e1n mal escritos<\/p>\n<p>Los botones tienen un nombre accesible<\/p>\n<p>Los ID de ARIA son \u00fanicos<\/p>\n<p>Los elementos de la imagen tienen [alt]atributos<\/p>\n<p>Los elementos de formulario tienen etiquetas asociadas<\/p>\n[user-scalable=\u00bbno\u00bb]no se usa en el &lt;meta name=\u00bbviewport\u00bb&gt;elemento y el [maximum-scale]atributo no es inferior a 5.<\/p>\n[aria-hidden=\u00bbtrue\u00bb]los elementos no contienen descendientes enfocables<\/p>\n<p>La p\u00e1gina contiene un encabezado, un enlace de salto o una regi\u00f3n hist\u00f3rica<\/p>\n<p>El documento tiene un &lt;title&gt;elemento<\/p>\n[id]los atributos de los elementos activos y enfocables son \u00fanicos<\/p>\n<p>&lt;html&gt;elemento tiene un [lang]atributo<\/p>\n<p>&lt;html&gt;elemento tiene un valor v\u00e1lido para su [lang]atributo<\/p>\n<p>Los enlaces tienen un nombre discernible<\/p>\n<p>Las listas solo contienen &lt;li&gt;elementos y elementos de apoyo al script ( &lt;script&gt;y &lt;template&gt;).<\/p>\n<p>Elementos de la lista ( &lt;li&gt;) est\u00e1n contenidos dentro &lt;ul&gt;o &lt;ol&gt;elementos padres<\/p>\n<p>Ning\u00fan elemento tiene [tabindex]valor mayor que 0<\/p>\n<p>Los elementos de encabezado aparecen en orden secuencialmente descendente<\/p>\n<p>&nbsp;<\/p>\n<p><b>No aplica (21)\u00a0<\/b><\/p>\n[accesskey]los valores son unicos<\/p>\n<p>button, link, y menuitemlos elementos tienen nombres accesibles<\/p>\n<p>Los campos de entrada de ARIA tienen nombres accesibles<\/p>\n<p>AIRE meterlos elementos tienen nombres accesibles<\/p>\n<p>AIRE progressbarlos elementos tienen nombres accesibles<\/p>\n<p>Los campos de alternancia de ARIA tienen nombres accesibles<\/p>\n<p>AIRE tooltiplos elementos tienen nombres accesibles<\/p>\n<p>AIRE treeitemlos elementos tienen nombres accesibles<\/p>\n<p>&lt;dl&gt;&#8217;s contienen solo correctamente ordenadas &lt;dt&gt;y &lt;dd&gt;grupos, &lt;script&gt;, &lt;template&gt;o &lt;div&gt;elementos.<\/p>\n<p>Los elementos de la lista de definici\u00f3n est\u00e1n envueltos en &lt;dl&gt;elementos<\/p>\n<p>Ning\u00fan campo de formulario tiene m\u00faltiples etiquetas<\/p>\n<p>&lt;frame&gt;o &lt;iframe&gt;los elementos tienen un titulo<\/p>\n<p>&lt;input type=\u00bbimage\u00bb&gt;los elementos tienen [alt]texto<\/p>\n<p>El documento no utiliza &lt;meta http-equiv=\u00bbrefresh\u00bb&gt;<\/p>\n<p>&lt;object&gt;los elementos tienen texto alternativo<\/p>\n<p>C\u00e9lulas en un &lt;table&gt;elemento que utiliza el [headers]atributo se refieren a las celdas de la tabla dentro de la misma tabla.<\/p>\n<p>&lt;th&gt;elementos y elementos con [role=\u00bbcolumnheader\u00bb\/\u00bbrowheader\u00bb]tienen celdas de datos que describen.<\/p>\n[lang]los atributos tienen un valor v\u00e1lido<\/p>\n<p>&lt;video&gt;elementos contienen un &lt;track&gt;elemento con [kind=\u00bbcaptions\u00bb]\n<p>&nbsp;<\/p>\n<p style=\"text-align: right;\"><em>MARABELIA COOP.V<\/em><\/p>\n<p style=\"text-align: right;\"><em>F989654589<\/em><\/p>\n<p style=\"text-align: right;\"><em><a href=\"mailto:hola@marabelia.com\">hola@marabelia.com<\/a><\/em><\/p>\n<p style=\"text-align: right;\"><em>1 DE MARZO DEL 2023<\/em><\/p>\n","protected":false},"excerpt":{"rendered":"<p>DECLARACI\u00d3N DE ACCESIBILIDAD SECCI\u00d3N 1 LISE BERNARD se ha comprometido a hacer accesible su sitio web https:\/\/lise-bernard.com\/, de conformidad con el Real Decreto 11\/12\/2018, de 7 de septiembre (en adelante, Real Decreto 1112\/2018, de 7 de septiembre) por la que se traspone la Directiva (UE) 2016\/2102 del Parlamento Europeo y del Consejo (1)]. La presente [&#8230;]\n","protected":false},"author":10,"featured_media":0,"parent":0,"menu_order":0,"comment_status":"closed","ping_status":"closed","template":"","meta":[],"yoast_head":"<!-- This site is optimized with the Yoast SEO plugin v20.1 - https:\/\/yoast.com\/wordpress\/plugins\/seo\/ -->\n<title>ACCESIBILIDAD WEB &bull; Lise Bernard<\/title>\n<meta name=\"robots\" content=\"index, follow, max-snippet:-1, max-image-preview:large, max-video-preview:-1\" \/>\n<link rel=\"canonical\" href=\"https:\/\/lise-bernard.com\/es\/accesibilidad\/\" \/>\n<meta property=\"og:locale\" content=\"es_ES\" \/>\n<meta property=\"og:type\" content=\"article\" \/>\n<meta property=\"og:title\" content=\"ACCESIBILIDAD WEB &bull; Lise Bernard\" \/>\n<meta property=\"og:description\" content=\"DECLARACI\u00d3N DE ACCESIBILIDAD SECCI\u00d3N 1 LISE BERNARD se ha comprometido a hacer accesible su sitio web https:\/\/lise-bernard.com\/, de conformidad con el Real Decreto 11\/12\/2018, de 7 de septiembre (en adelante, Real Decreto 1112\/2018, de 7 de septiembre) por la que se traspone la Directiva (UE) 2016\/2102 del Parlamento Europeo y del Consejo (1)]. La presente [...]\" \/>\n<meta property=\"og:url\" content=\"https:\/\/lise-bernard.com\/es\/accesibilidad\/\" \/>\n<meta property=\"og:site_name\" content=\"Lise Bernard\" \/>\n<meta property=\"article:modified_time\" content=\"2023-03-07T13:31:51+00:00\" \/>\n<meta name=\"twitter:card\" content=\"summary_large_image\" \/>\n<meta name=\"twitter:label1\" content=\"Tiempo de lectura\" \/>\n\t<meta name=\"twitter:data1\" content=\"8 minutos\" \/>\n<script type=\"application\/ld+json\" class=\"yoast-schema-graph\">{\"@context\":\"https:\/\/schema.org\",\"@graph\":[{\"@type\":\"WebPage\",\"@id\":\"https:\/\/lise-bernard.com\/es\/accesibilidad\/\",\"url\":\"https:\/\/lise-bernard.com\/es\/accesibilidad\/\",\"name\":\"ACCESIBILIDAD WEB &bull; Lise Bernard\",\"isPartOf\":{\"@id\":\"https:\/\/lise-bernard.com\/es\/#website\"},\"datePublished\":\"2023-03-07T13:31:24+00:00\",\"dateModified\":\"2023-03-07T13:31:51+00:00\",\"breadcrumb\":{\"@id\":\"https:\/\/lise-bernard.com\/es\/accesibilidad\/#breadcrumb\"},\"inLanguage\":\"es\",\"potentialAction\":[{\"@type\":\"ReadAction\",\"target\":[\"https:\/\/lise-bernard.com\/es\/accesibilidad\/\"]}]},{\"@type\":\"BreadcrumbList\",\"@id\":\"https:\/\/lise-bernard.com\/es\/accesibilidad\/#breadcrumb\",\"itemListElement\":[{\"@type\":\"ListItem\",\"position\":1,\"name\":\"Portada\",\"item\":\"https:\/\/lise-bernard.com\/es\/\"},{\"@type\":\"ListItem\",\"position\":2,\"name\":\"ACCESIBILIDAD WEB\"}]},{\"@type\":\"WebSite\",\"@id\":\"https:\/\/lise-bernard.com\/es\/#website\",\"url\":\"https:\/\/lise-bernard.com\/es\/\",\"name\":\"Lise Bernard\",\"description\":\"\",\"publisher\":{\"@id\":\"https:\/\/lise-bernard.com\/es\/#organization\"},\"alternateName\":\"Traductora\/revisora ingl\u00e9s, espa\u00f1ol, alem\u00e1n > franc\u00e9s\",\"potentialAction\":[{\"@type\":\"SearchAction\",\"target\":{\"@type\":\"EntryPoint\",\"urlTemplate\":\"https:\/\/lise-bernard.com\/es\/?s={search_term_string}\"},\"query-input\":\"required name=search_term_string\"}],\"inLanguage\":\"es\"},{\"@type\":\"Organization\",\"@id\":\"https:\/\/lise-bernard.com\/es\/#organization\",\"name\":\"Lise Bernard\",\"url\":\"https:\/\/lise-bernard.com\/es\/\",\"logo\":{\"@type\":\"ImageObject\",\"inLanguage\":\"es\",\"@id\":\"https:\/\/lise-bernard.com\/es\/#\/schema\/logo\/image\/\",\"url\":\"https:\/\/lise-bernard.com\/wp-content\/uploads\/2023\/02\/lise-bernard-logo-def.png\",\"contentUrl\":\"https:\/\/lise-bernard.com\/wp-content\/uploads\/2023\/02\/lise-bernard-logo-def.png\",\"width\":500,\"height\":239,\"caption\":\"Lise Bernard\"},\"image\":{\"@id\":\"https:\/\/lise-bernard.com\/es\/#\/schema\/logo\/image\/\"},\"sameAs\":[\"https:\/\/www.linkedin.com\/in\/lise-bernard\"]}]}<\/script>\n<!-- \/ Yoast SEO plugin. -->","yoast_head_json":{"title":"ACCESIBILIDAD WEB &bull; Lise Bernard","robots":{"index":"index","follow":"follow","max-snippet":"max-snippet:-1","max-image-preview":"max-image-preview:large","max-video-preview":"max-video-preview:-1"},"canonical":"https:\/\/lise-bernard.com\/es\/accesibilidad\/","og_locale":"es_ES","og_type":"article","og_title":"ACCESIBILIDAD WEB &bull; Lise Bernard","og_description":"DECLARACI\u00d3N DE ACCESIBILIDAD SECCI\u00d3N 1 LISE BERNARD se ha comprometido a hacer accesible su sitio web https:\/\/lise-bernard.com\/, de conformidad con el Real Decreto 11\/12\/2018, de 7 de septiembre (en adelante, Real Decreto 1112\/2018, de 7 de septiembre) por la que se traspone la Directiva (UE) 2016\/2102 del Parlamento Europeo y del Consejo (1)]. La presente [...]","og_url":"https:\/\/lise-bernard.com\/es\/accesibilidad\/","og_site_name":"Lise Bernard","article_modified_time":"2023-03-07T13:31:51+00:00","twitter_card":"summary_large_image","twitter_misc":{"Tiempo de lectura":"8 minutos"},"schema":{"@context":"https:\/\/schema.org","@graph":[{"@type":"WebPage","@id":"https:\/\/lise-bernard.com\/es\/accesibilidad\/","url":"https:\/\/lise-bernard.com\/es\/accesibilidad\/","name":"ACCESIBILIDAD WEB &bull; Lise Bernard","isPartOf":{"@id":"https:\/\/lise-bernard.com\/es\/#website"},"datePublished":"2023-03-07T13:31:24+00:00","dateModified":"2023-03-07T13:31:51+00:00","breadcrumb":{"@id":"https:\/\/lise-bernard.com\/es\/accesibilidad\/#breadcrumb"},"inLanguage":"es","potentialAction":[{"@type":"ReadAction","target":["https:\/\/lise-bernard.com\/es\/accesibilidad\/"]}]},{"@type":"BreadcrumbList","@id":"https:\/\/lise-bernard.com\/es\/accesibilidad\/#breadcrumb","itemListElement":[{"@type":"ListItem","position":1,"name":"Portada","item":"https:\/\/lise-bernard.com\/es\/"},{"@type":"ListItem","position":2,"name":"ACCESIBILIDAD WEB"}]},{"@type":"WebSite","@id":"https:\/\/lise-bernard.com\/es\/#website","url":"https:\/\/lise-bernard.com\/es\/","name":"Lise Bernard","description":"","publisher":{"@id":"https:\/\/lise-bernard.com\/es\/#organization"},"alternateName":"Traductora\/revisora ingl\u00e9s, espa\u00f1ol, alem\u00e1n > franc\u00e9s","potentialAction":[{"@type":"SearchAction","target":{"@type":"EntryPoint","urlTemplate":"https:\/\/lise-bernard.com\/es\/?s={search_term_string}"},"query-input":"required name=search_term_string"}],"inLanguage":"es"},{"@type":"Organization","@id":"https:\/\/lise-bernard.com\/es\/#organization","name":"Lise Bernard","url":"https:\/\/lise-bernard.com\/es\/","logo":{"@type":"ImageObject","inLanguage":"es","@id":"https:\/\/lise-bernard.com\/es\/#\/schema\/logo\/image\/","url":"https:\/\/lise-bernard.com\/wp-content\/uploads\/2023\/02\/lise-bernard-logo-def.png","contentUrl":"https:\/\/lise-bernard.com\/wp-content\/uploads\/2023\/02\/lise-bernard-logo-def.png","width":500,"height":239,"caption":"Lise Bernard"},"image":{"@id":"https:\/\/lise-bernard.com\/es\/#\/schema\/logo\/image\/"},"sameAs":["https:\/\/www.linkedin.com\/in\/lise-bernard"]}]}},"_links":{"self":[{"href":"https:\/\/lise-bernard.com\/es\/wp-json\/wp\/v2\/pages\/530"}],"collection":[{"href":"https:\/\/lise-bernard.com\/es\/wp-json\/wp\/v2\/pages"}],"about":[{"href":"https:\/\/lise-bernard.com\/es\/wp-json\/wp\/v2\/types\/page"}],"author":[{"embeddable":true,"href":"https:\/\/lise-bernard.com\/es\/wp-json\/wp\/v2\/users\/10"}],"replies":[{"embeddable":true,"href":"https:\/\/lise-bernard.com\/es\/wp-json\/wp\/v2\/comments?post=530"}],"version-history":[{"count":2,"href":"https:\/\/lise-bernard.com\/es\/wp-json\/wp\/v2\/pages\/530\/revisions"}],"predecessor-version":[{"id":532,"href":"https:\/\/lise-bernard.com\/es\/wp-json\/wp\/v2\/pages\/530\/revisions\/532"}],"wp:attachment":[{"href":"https:\/\/lise-bernard.com\/es\/wp-json\/wp\/v2\/media?parent=530"}],"curies":[{"name":"wp","href":"https:\/\/api.w.org\/{rel}","templated":true}]}}