{"id":478,"date":"2023-03-02T12:55:24","date_gmt":"2023-03-02T12:55:24","guid":{"rendered":"https:\/\/lise-bernard.com\/clientes-y-proyectos\/"},"modified":"2023-03-30T15:29:39","modified_gmt":"2023-03-30T15:29:39","slug":"kunden-und-projekte","status":"publish","type":"page","link":"https:\/\/lise-bernard.com\/de\/kunden-und-projekte\/","title":{"rendered":"Kunden und Projekte"},"content":{"rendered":"<section class=\"wpb-content-wrapper\">[vc_row css=&#8220;.vc_custom_1680190177212{padding-top: 5% !important;padding-right: 10% !important;padding-bottom: 5% !important;padding-left: 10% !important;background-color: #ffffff !important;}&#8220;][vc_column][vc_column_text]\n<h2 class=\"uppercase\">Diese Kunden vertrauen mir ihre \u00dcbersetzungen an<\/h2>\n[\/vc_column_text][vc_column_text][vc_row][vc_column][vc_row_inner][vc_column_inner width=\"1\/5\"][vc_single_image image=\"235\" img_size=\"medium\" alignment=\"center\"][\/vc_column_inner][vc_column_inner width=\"1\/5\"][vc_single_image image=\"232\" img_size=\"medium\" alignment=\"center\"][\/vc_column_inner][vc_column_inner width=\"1\/5\"][vc_single_image image=\"229\" img_size=\"medium\" alignment=\"center\"][\/vc_column_inner][vc_column_inner width=\"1\/5\"][vc_single_image image=\"223\" img_size=\"medium\" alignment=\"center\"][\/vc_column_inner][vc_column_inner width=\"1\/5\"][vc_single_image image=\"226\" img_size=\"medium\" alignment=\"center\"][\/vc_column_inner][\/vc_row_inner][vc_empty_space][vc_row_inner][vc_column_inner width=\"1\/5\"][vc_single_image image=\"220\" img_size=\"medium\" alignment=\"center\"][\/vc_column_inner][vc_column_inner width=\"1\/5\"][vc_single_image image=\"217\" img_size=\"medium\" alignment=\"center\"][\/vc_column_inner][vc_column_inner width=\"1\/5\"][vc_single_image image=\"214\" img_size=\"medium\" alignment=\"center\"][\/vc_column_inner][vc_column_inner width=\"1\/5\"][vc_single_image image=\"211\" img_size=\"medium\" alignment=\"center\"][\/vc_column_inner][vc_column_inner width=\"1\/5\"][vc_single_image image=\"208\" img_size=\"medium\" alignment=\"center\"][\/vc_column_inner][\/vc_row_inner][\/vc_column][\/vc_row][\/vc_column_text][\/vc_column][\/vc_row][vc_row css=&#8220;.vc_custom_1676365773639{padding-top: 5% !important;padding-right: 10% !important;padding-bottom: 5% !important;padding-left: 10% !important;}&#8220;][vc_column][vc_column_text]\n<h2 class=\"uppercase\">Eine Auswahl meiner Projekte<\/h2>\n[\/vc_column_text][vc_column_text][vc_row][vc_column][tm_carousel_father spaces=\"10\" slide_visible=\"5\" tabs=\"3\" slide_scroll=\"5\" dotclr=\"#000000\"][tm_carousel_son image_id=\"911\"]\r\n<p style=\"text-align: center;\">write any text and make custom design that you want to show.<\/p>\r\n[\/tm_carousel_son][tm_carousel_son image_id=\"869\"]\r\n<p style=\"text-align: center;\">write any text and make custom design that you want to show.<\/p>\r\n[\/tm_carousel_son][tm_carousel_son image_id=\"915\"]\r\n<p style=\"text-align: center;\">write any text and make custom design that you want to show.<\/p>\r\n[\/tm_carousel_son][tm_carousel_son image_id=\"781\"]\r\n<p style=\"text-align: center;\">write any text and make custom design that you want to show.<\/p>\r\n[\/tm_carousel_son][tm_carousel_son image_id=\"861\"]\r\n<p style=\"text-align: center;\">write any text and make custom design that you want to show.<\/p>\r\n[\/tm_carousel_son][tm_carousel_son image_id=\"857\"]\r\n<p style=\"text-align: center;\">write any text and make custom design that you want to show.<\/p>\r\n[\/tm_carousel_son][tm_carousel_son image_id=\"865\"]\r\n<p style=\"text-align: center;\">write any text and make custom design that you want to show.<\/p>\r\n[\/tm_carousel_son][tm_carousel_son image_id=\"919\"]\r\n<p style=\"text-align: center;\">write any text and make custom design that you want to show.<\/p>\r\n[\/tm_carousel_son][tm_carousel_son image_id=\"845\"]\r\n<p style=\"text-align: center;\">write any text and make custom design that you want to show.<\/p>\r\n[\/tm_carousel_son][tm_carousel_son image_id=\"923\"]\r\n<p style=\"text-align: center;\">write any text and make custom design that you want to show.<\/p>\r\n[\/tm_carousel_son][tm_carousel_son image_id=\"837\"]\r\n<p style=\"text-align: center;\">write any text and make custom design that you want to show.<\/p>\r\n[\/tm_carousel_son][tm_carousel_son image_id=\"927\"]\r\n<p style=\"text-align: center;\">write any text and make custom design that you want to show.<\/p>\r\n[\/tm_carousel_son][tm_carousel_son image_id=\"931\"]\r\n<p style=\"text-align: center;\">write any text and make custom design that you want to show.<\/p>\r\n[\/tm_carousel_son][tm_carousel_son image_id=\"825\"]\r\n<p style=\"text-align: center;\">write any text and make custom design that you want to show.<\/p>\r\n[\/tm_carousel_son][tm_carousel_son image_id=\"821\"]\r\n<p style=\"text-align: center;\">write any text and make custom design that you want to show.<\/p>\r\n[\/tm_carousel_son][tm_carousel_son image_id=\"817\"]\r\n<p style=\"text-align: center;\">write any text and make custom design that you want to show.<\/p>\r\n[\/tm_carousel_son][tm_carousel_son image_id=\"935\"]\r\n<p style=\"text-align: center;\">write any text and make custom design that you want to show.<\/p>\r\n[\/tm_carousel_son][tm_carousel_son image_id=\"939\"]\r\n<p style=\"text-align: center;\">write any text and make custom design that you want to show.<\/p>\r\n[\/tm_carousel_son][tm_carousel_son image_id=\"805\"]\r\n<p style=\"text-align: center;\">write any text and make custom design that you want to show.<\/p>\r\n[\/tm_carousel_son][tm_carousel_son image_id=\"801\"]\r\n<p style=\"text-align: center;\">write any text and make custom design that you want to show.<\/p>\r\n[\/tm_carousel_son][tm_carousel_son image_id=\"943\"]\r\n<p style=\"text-align: center;\">write any text and make custom design that you want to show.<\/p>\r\n[\/tm_carousel_son][tm_carousel_son image_id=\"947\"]\r\n<p style=\"text-align: center;\">write any text and make custom design that you want to show.<\/p>\r\n[\/tm_carousel_son][tm_carousel_son image_id=\"777\"]\r\n<p style=\"text-align: center;\">write any text and make custom design that you want to show.<\/p>\r\n[\/tm_carousel_son][\/tm_carousel_father][\/vc_column][\/vc_row][\/vc_column_text][\/vc_column][\/vc_row][vc_row css=&#8220;.vc_custom_1677765427805{padding-top: 5% !important;padding-right: 10% !important;padding-bottom: 5% !important;padding-left: 10% !important;background-color: rgba(212,244,172,0.22) !important;*background-color: rgb(212,244,172) !important;}&#8220;][vc_column][vc_column_text]\n<h2 class=\"uppercase\">Kontakt<\/h2>\n[\/vc_column_text]<script type=\"text\/javascript\">var gform;gform||(document.addEventListener(\"gform_main_scripts_loaded\",function(){gform.scriptsLoaded=!0}),window.addEventListener(\"DOMContentLoaded\",function(){gform.domLoaded=!0}),gform={domLoaded:!1,scriptsLoaded:!1,initializeOnLoaded:function(o){gform.domLoaded&&gform.scriptsLoaded?o():!gform.domLoaded&&gform.scriptsLoaded?window.addEventListener(\"DOMContentLoaded\",o):document.addEventListener(\"gform_main_scripts_loaded\",o)},hooks:{action:{},filter:{}},addAction:function(o,n,r,t){gform.addHook(\"action\",o,n,r,t)},addFilter:function(o,n,r,t){gform.addHook(\"filter\",o,n,r,t)},doAction:function(o){gform.doHook(\"action\",o,arguments)},applyFilters:function(o){return gform.doHook(\"filter\",o,arguments)},removeAction:function(o,n){gform.removeHook(\"action\",o,n)},removeFilter:function(o,n,r){gform.removeHook(\"filter\",o,n,r)},addHook:function(o,n,r,t,i){null==gform.hooks[o][n]&&(gform.hooks[o][n]=[]);var e=gform.hooks[o][n];null==i&&(i=n+\"_\"+e.length),gform.hooks[o][n].push({tag:i,callable:r,priority:t=null==t?10:t})},doHook:function(n,o,r){var t;if(r=Array.prototype.slice.call(r,1),null!=gform.hooks[n][o]&&((o=gform.hooks[n][o]).sort(function(o,n){return o.priority-n.priority}),o.forEach(function(o){\"function\"!=typeof(t=o.callable)&&(t=window[t]),\"action\"==n?t.apply(null,r):r[0]=t.apply(null,r)})),\"filter\"==n)return r[0]},removeHook:function(o,n,t,i){var r;null!=gform.hooks[o][n]&&(r=(r=gform.hooks[o][n]).filter(function(o,n,r){return!!(null!=i&&i!=o.tag||null!=t&&t!=o.priority)}),gform.hooks[o][n]=r)}});<\/script>\n                <div class='gf_browser_gecko gform_wrapper gravity-theme' id='gform_wrapper_4' ><form method='post' enctype='multipart\/form-data'  id='gform_4'  action='\/de\/wp-json\/wp\/v2\/pages\/478' novalidate>\n                        <div class='gform_body gform-body'><div id='gform_fields_4' class='gform_fields top_label form_sublabel_below description_below'><div id=\"field_4_1\"  class=\"gfield gfield--width-half field_sublabel_below field_description_below hidden_label gfield_visibility_visible\"  data-js-reload=\"field_4_1\"><label class='gfield_label' for='input_4_1' >Name<\/label><div class='ginput_container ginput_container_text'><input name='input_1' id='input_4_1' type='text' value='' class='large'    placeholder='Name'  aria-invalid=\"false\"   \/> <\/div><\/div><div id=\"field_4_3\"  class=\"gfield gfield--width-half field_sublabel_below field_description_below hidden_label gfield_visibility_visible\"  data-js-reload=\"field_4_3\"><label class='gfield_label' for='input_4_3' >E-Mail<\/label><div class='ginput_container ginput_container_text'><input name='input_3' id='input_4_3' type='text' value='' class='large'    placeholder='E-Mail'  aria-invalid=\"false\"   \/> <\/div><\/div><div id=\"field_4_4\"  class=\"gfield gfield--width-half field_sublabel_below field_description_below hidden_label gfield_visibility_visible\"  data-js-reload=\"field_4_4\"><label class='gfield_label' for='input_4_4' >Nachname<\/label><div class='ginput_container ginput_container_text'><input name='input_4' id='input_4_4' type='text' value='' class='large'    placeholder='Nachname'  aria-invalid=\"false\"   \/> <\/div><\/div><div id=\"field_4_5\"  class=\"gfield gfield--width-half field_sublabel_below field_description_below hidden_label gfield_visibility_visible\"  data-js-reload=\"field_4_5\"><label class='gfield_label' for='input_4_5' >Telefon<\/label><div class='ginput_container ginput_container_text'><input name='input_5' id='input_4_5' type='text' value='' class='large'    placeholder='Telefon'  aria-invalid=\"false\"   \/> <\/div><\/div><div id=\"field_4_6\"  class=\"gfield gfield--width-full field_sublabel_below field_description_below hidden_label gfield_visibility_visible\"  data-js-reload=\"field_4_6\"><label class='gfield_label' for='input_4_6' >Ihre Nachricht<\/label><div class='ginput_container ginput_container_textarea'><textarea name='input_6' id='input_4_6' class='textarea large'    placeholder='Ihre Nachricht'  aria-invalid=\"false\"   rows='10' cols='50'><\/textarea><\/div><\/div><fieldset id=\"field_4_8\"  class=\"gfield gfield--width-full field_sublabel_below field_description_below hidden_label gfield_visibility_visible\"  data-js-reload=\"field_4_8\"><legend class='gfield_label gfield_label_before_complex'  >Consentimiento<\/legend><div class='ginput_container ginput_container_consent'><input name='input_8.1' id='input_4_8_1' type='checkbox' value='1'    aria-invalid=\"false\"   \/> <label class=\"gfield_consent_label\" for='input_4_8_1' >Ich bin mit den <a href=\"https:\/\/lise-bernard.com\/de\/politica-privacidad\/\">Datenschutzbestimmungen<\/a> einverstanden.<\/label><input type='hidden' name='input_8.2' value='Ich bin mit den &lt;a href=&quot;https:\/\/lise-bernard.com\/de\/politica-privacidad\/&quot;&gt;Datenschutzbestimmungen&lt;\/a&gt; einverstanden.' class='gform_hidden' \/><input type='hidden' name='input_8.3' value='4' class='gform_hidden' \/><\/div><\/fieldset><div id=\"field_4_7\"  class=\"gfield gfield--width-full field_sublabel_below field_description_below gfield_visibility_visible\"  data-js-reload=\"field_4_7\"><label class='gfield_label' for='input_4_7' >Datei<\/label><div class='ginput_container ginput_container_fileupload'><input name='input_7' id='input_4_7' type='file' class='large' aria-describedby=\"gfield_upload_rules_4_7\" onchange='javascript:gformValidateFileSize( this, 12884901888 );'  \/><span class='gform_fileupload_rules' id='gfield_upload_rules_4_7'>Max. file size: 12 GB.<\/span><div class='validation_message validation_message--hidden-on-empty' id='live_validation_message_4_7'><\/div><\/div><\/div><div id=\"field_4_9\"  class=\"gfield gfield--width-full field_sublabel_below field_description_below hidden_label gfield_visibility_visible\"  data-js-reload=\"field_4_9\"><label class='gfield_label' for='input_4_9' >CAPTCHA<\/label><div id='input_4_9' class='ginput_container ginput_recaptcha' data-sitekey='6LfU1RglAAAAAEQ3i0GWlqK5xCJlgpHU6gOabJne'  data-theme='light' data-tabindex='0'  data-badge=''><\/div><\/div><\/div><\/div>\n        <div class='gform_footer top_label'> <input type='submit' id='gform_submit_button_4' class='gform_button button' value='Schicken'  onclick='if(window[\"gf_submitting_4\"]){return false;}  if( !jQuery(\"#gform_4\")[0].checkValidity || jQuery(\"#gform_4\")[0].checkValidity()){window[\"gf_submitting_4\"]=true;}  ' onkeypress='if( event.keyCode == 13 ){ if(window[\"gf_submitting_4\"]){return false;} if( !jQuery(\"#gform_4\")[0].checkValidity || jQuery(\"#gform_4\")[0].checkValidity()){window[\"gf_submitting_4\"]=true;}  jQuery(\"#gform_4\").trigger(\"submit\",[true]); }' \/> \n            <input type='hidden' class='gform_hidden' name='is_submit_4' value='1' \/>\n            <input type='hidden' class='gform_hidden' name='gform_submit' value='4' \/>\n            \n            <input type='hidden' class='gform_hidden' name='gform_unique_id' value='' \/>\n            <input type='hidden' class='gform_hidden' name='state_4' value='WyJ7XCI4LjFcIjpcImQ1ODVmMjZlZjc1OGUzYzFlZGYzNzMyZTcyN2FiOGFhXCIsXCI4LjJcIjpcIjNkMzY4NzdjNjgxODY5NmEzZmQ0ZjRjZmZlODVkY2I2XCIsXCI4LjNcIjpcIjQ4YjY5MGU1MWI2N2VjMTMyMWQwODBkM2VmZDY5MTFjXCJ9IiwiN2EyMzgxOTVjZWQzZTc1ZjJlYTY1MWM5ZmJjZGZlNWMiXQ==' \/>\n            <input type='hidden' class='gform_hidden' name='gform_target_page_number_4' id='gform_target_page_number_4' value='0' \/>\n            <input type='hidden' class='gform_hidden' name='gform_source_page_number_4' id='gform_source_page_number_4' value='1' \/>\n            <input type='hidden' name='gform_field_values' value='' \/>\n            \n        <\/div>\n                        <\/form>\n                        <\/div>[\/vc_column][\/vc_row]\n<\/section>","protected":false},"excerpt":{"rendered":"[vc_row css=&#8220;.vc_custom_1680190177212{padding-top: 5% !important;padding-right: 10% !important;padding-bottom: 5% !important;padding-left: 10% !important;background-color: #ffffff !important;}&#8220;][vc_column][vc_column_text] Diese Kunden vertrauen mir ihre \u00dcbersetzungen an [\/vc_column_text][vc_column_text][\/vc_column_text][\/vc_column][\/vc_row][vc_row css=&#8220;.vc_custom_1676365773639{padding-top: 5% !important;padding-right: 10% !important;padding-bottom: 5% !important;padding-left: 10% !important;}&#8220;][vc_column][vc_column_text] Eine Auswahl meiner Projekte [\/vc_column_text][vc_column_text][\/vc_column_text][\/vc_column][\/vc_row][vc_row css=&#8220;.vc_custom_1677765427805{padding-top: 5% !important;padding-right: 10% !important;padding-bottom: 5% !important;padding-left: 10% !important;background-color: rgba(212,244,172,0.22) !important;*background-color: rgb(212,244,172) !important;}&#8220;][vc_column][vc_column_text] Kontakt [\/vc_column_text][\/vc_column][\/vc_row]\n","protected":false},"author":10,"featured_media":0,"parent":0,"menu_order":0,"comment_status":"closed","ping_status":"closed","template":"page-blank.php","meta":[],"yoast_head":"<!-- This site is optimized with the Yoast SEO plugin v20.1 - https:\/\/yoast.com\/wordpress\/plugins\/seo\/ -->\n<title>Kunden und Projekte &bull; Lise Bernard<\/title>\n<meta name=\"robots\" content=\"index, follow, max-snippet:-1, max-image-preview:large, max-video-preview:-1\" \/>\n<link rel=\"canonical\" href=\"https:\/\/lise-bernard.com\/de\/kunden-und-projekte\/\" \/>\n<meta property=\"og:locale\" content=\"de_DE\" \/>\n<meta property=\"og:type\" content=\"article\" \/>\n<meta property=\"og:title\" content=\"Kunden und Projekte &bull; Lise Bernard\" \/>\n<meta property=\"og:description\" content=\"-1347\" \/>\n<meta property=\"og:url\" content=\"https:\/\/lise-bernard.com\/de\/kunden-und-projekte\/\" \/>\n<meta property=\"og:site_name\" content=\"Lise Bernard\" \/>\n<meta property=\"article:modified_time\" content=\"2023-03-30T15:29:39+00:00\" \/>\n<meta property=\"og:image\" content=\"http:\/\/60\" \/>\n<meta name=\"twitter:card\" content=\"summary_large_image\" \/>\n<meta name=\"twitter:title\" content=\"false\" \/>\n<meta name=\"twitter:description\" content=\"2\" \/>\n<meta name=\"twitter:label1\" content=\"Gesch\u00e4tzte Lesezeit\" \/>\n\t<meta name=\"twitter:data1\" content=\"1 Minute\" \/>\n<script type=\"application\/ld+json\" class=\"yoast-schema-graph\">{\"@context\":\"https:\/\/schema.org\",\"@graph\":[{\"@type\":\"WebPage\",\"@id\":\"https:\/\/lise-bernard.com\/de\/kunden-und-projekte\/\",\"url\":\"https:\/\/lise-bernard.com\/de\/kunden-und-projekte\/\",\"name\":\"Kunden und Projekte &bull; Lise Bernard\",\"isPartOf\":{\"@id\":\"https:\/\/lise-bernard.com\/de\/#website\"},\"datePublished\":\"2023-03-02T12:55:24+00:00\",\"dateModified\":\"2023-03-30T15:29:39+00:00\",\"breadcrumb\":{\"@id\":\"https:\/\/lise-bernard.com\/de\/kunden-und-projekte\/#breadcrumb\"},\"inLanguage\":\"de-DE\",\"potentialAction\":[{\"@type\":\"ReadAction\",\"target\":[\"https:\/\/lise-bernard.com\/de\/kunden-und-projekte\/\"]}]},{\"@type\":\"BreadcrumbList\",\"@id\":\"https:\/\/lise-bernard.com\/de\/kunden-und-projekte\/#breadcrumb\",\"itemListElement\":[{\"@type\":\"ListItem\",\"position\":1,\"name\":\"Portada\",\"item\":\"https:\/\/lise-bernard.com\/de\/\"},{\"@type\":\"ListItem\",\"position\":2,\"name\":\"Kunden und Projekte\"}]},{\"@type\":\"WebSite\",\"@id\":\"https:\/\/lise-bernard.com\/de\/#website\",\"url\":\"https:\/\/lise-bernard.com\/de\/\",\"name\":\"Lise Bernard\",\"description\":\"\",\"publisher\":{\"@id\":\"https:\/\/lise-bernard.com\/de\/#organization\"},\"alternateName\":\"Traductora\/revisora ingl\u00e9s, espa\u00f1ol, alem\u00e1n > franc\u00e9s\",\"potentialAction\":[{\"@type\":\"SearchAction\",\"target\":{\"@type\":\"EntryPoint\",\"urlTemplate\":\"https:\/\/lise-bernard.com\/de\/?s={search_term_string}\"},\"query-input\":\"required name=search_term_string\"}],\"inLanguage\":\"de-DE\"},{\"@type\":\"Organization\",\"@id\":\"https:\/\/lise-bernard.com\/de\/#organization\",\"name\":\"Lise Bernard\",\"url\":\"https:\/\/lise-bernard.com\/de\/\",\"logo\":{\"@type\":\"ImageObject\",\"inLanguage\":\"de-DE\",\"@id\":\"https:\/\/lise-bernard.com\/de\/#\/schema\/logo\/image\/\",\"url\":\"https:\/\/lise-bernard.com\/wp-content\/uploads\/2023\/02\/lise-bernard-logo-def.png\",\"contentUrl\":\"https:\/\/lise-bernard.com\/wp-content\/uploads\/2023\/02\/lise-bernard-logo-def.png\",\"width\":500,\"height\":239,\"caption\":\"Lise Bernard\"},\"image\":{\"@id\":\"https:\/\/lise-bernard.com\/de\/#\/schema\/logo\/image\/\"},\"sameAs\":[\"https:\/\/www.linkedin.com\/in\/lise-bernard\"]}]}<\/script>\n<!-- \/ Yoast SEO plugin. -->","yoast_head_json":{"title":"Kunden und Projekte &bull; Lise Bernard","robots":{"index":"index","follow":"follow","max-snippet":"max-snippet:-1","max-image-preview":"max-image-preview:large","max-video-preview":"max-video-preview:-1"},"canonical":"https:\/\/lise-bernard.com\/de\/kunden-und-projekte\/","og_locale":"de_DE","og_type":"article","og_title":"Kunden und Projekte &bull; Lise Bernard","og_description":"-1347","og_url":"https:\/\/lise-bernard.com\/de\/kunden-und-projekte\/","og_site_name":"Lise Bernard","article_modified_time":"2023-03-30T15:29:39+00:00","og_image":[{"url":"60"}],"twitter_card":"summary_large_image","twitter_title":"false","twitter_description":"2","twitter_misc":{"Gesch\u00e4tzte Lesezeit":"1 Minute"},"schema":{"@context":"https:\/\/schema.org","@graph":[{"@type":"WebPage","@id":"https:\/\/lise-bernard.com\/de\/kunden-und-projekte\/","url":"https:\/\/lise-bernard.com\/de\/kunden-und-projekte\/","name":"Kunden und Projekte &bull; Lise Bernard","isPartOf":{"@id":"https:\/\/lise-bernard.com\/de\/#website"},"datePublished":"2023-03-02T12:55:24+00:00","dateModified":"2023-03-30T15:29:39+00:00","breadcrumb":{"@id":"https:\/\/lise-bernard.com\/de\/kunden-und-projekte\/#breadcrumb"},"inLanguage":"de-DE","potentialAction":[{"@type":"ReadAction","target":["https:\/\/lise-bernard.com\/de\/kunden-und-projekte\/"]}]},{"@type":"BreadcrumbList","@id":"https:\/\/lise-bernard.com\/de\/kunden-und-projekte\/#breadcrumb","itemListElement":[{"@type":"ListItem","position":1,"name":"Portada","item":"https:\/\/lise-bernard.com\/de\/"},{"@type":"ListItem","position":2,"name":"Kunden und Projekte"}]},{"@type":"WebSite","@id":"https:\/\/lise-bernard.com\/de\/#website","url":"https:\/\/lise-bernard.com\/de\/","name":"Lise Bernard","description":"","publisher":{"@id":"https:\/\/lise-bernard.com\/de\/#organization"},"alternateName":"Traductora\/revisora ingl\u00e9s, espa\u00f1ol, alem\u00e1n > franc\u00e9s","potentialAction":[{"@type":"SearchAction","target":{"@type":"EntryPoint","urlTemplate":"https:\/\/lise-bernard.com\/de\/?s={search_term_string}"},"query-input":"required name=search_term_string"}],"inLanguage":"de-DE"},{"@type":"Organization","@id":"https:\/\/lise-bernard.com\/de\/#organization","name":"Lise Bernard","url":"https:\/\/lise-bernard.com\/de\/","logo":{"@type":"ImageObject","inLanguage":"de-DE","@id":"https:\/\/lise-bernard.com\/de\/#\/schema\/logo\/image\/","url":"https:\/\/lise-bernard.com\/wp-content\/uploads\/2023\/02\/lise-bernard-logo-def.png","contentUrl":"https:\/\/lise-bernard.com\/wp-content\/uploads\/2023\/02\/lise-bernard-logo-def.png","width":500,"height":239,"caption":"Lise Bernard"},"image":{"@id":"https:\/\/lise-bernard.com\/de\/#\/schema\/logo\/image\/"},"sameAs":["https:\/\/www.linkedin.com\/in\/lise-bernard"]}]}},"_links":{"self":[{"href":"https:\/\/lise-bernard.com\/de\/wp-json\/wp\/v2\/pages\/478"}],"collection":[{"href":"https:\/\/lise-bernard.com\/de\/wp-json\/wp\/v2\/pages"}],"about":[{"href":"https:\/\/lise-bernard.com\/de\/wp-json\/wp\/v2\/types\/page"}],"author":[{"embeddable":true,"href":"https:\/\/lise-bernard.com\/de\/wp-json\/wp\/v2\/users\/10"}],"replies":[{"embeddable":true,"href":"https:\/\/lise-bernard.com\/de\/wp-json\/wp\/v2\/comments?post=478"}],"version-history":[{"count":10,"href":"https:\/\/lise-bernard.com\/de\/wp-json\/wp\/v2\/pages\/478\/revisions"}],"predecessor-version":[{"id":634,"href":"https:\/\/lise-bernard.com\/de\/wp-json\/wp\/v2\/pages\/478\/revisions\/634"}],"wp:attachment":[{"href":"https:\/\/lise-bernard.com\/de\/wp-json\/wp\/v2\/media?parent=478"}],"curies":[{"name":"wp","href":"https:\/\/api.w.org\/{rel}","templated":true}]}}